{"id":231411,"date":"2021-09-06T08:38:00","date_gmt":"2021-09-06T08:38:00","guid":{"rendered":"https:\/\/futurebus.tours\/ueber-uns\/"},"modified":"2022-06-09T18:42:43","modified_gmt":"2022-06-09T17:42:43","slug":"ueber-uns","status":"publish","type":"page","link":"https:\/\/futurebus.tours\/de\/ueber-uns\/","title":{"rendered":"\u00dcber uns"},"content":{"rendered":"<p>[et_pb_section fb_built=&#8220;1&#8243; disabled_on=&#8220;off|off|off&#8220; admin_label=&#8220;Hero&#8220; _builder_version=&#8220;4.16&#8243; use_background_color_gradient=&#8220;on&#8220; background_color_gradient_stops=&#8220;rgba(105,27,101,0.76) 0%|#143d58 100%&#8220; background_color_gradient_overlays_image=&#8220;on&#8220; background_color_gradient_start=&#8220;rgba(105,27,101,0.76)&#8220; background_color_gradient_end=&#8220;#143d58&#8243; background_image=&#8220;https:\/\/futurebus.tours\/wp-content\/uploads\/2021\/08\/main_img2-1024&#215;626-2.jpg&#8220; background_position=&#8220;bottom_right&#8220; custom_margin=&#8220;|||&#8220; custom_padding=&#8220;|0px|0px|0px|false|false&#8220; bottom_divider_style=&#8220;mountains2&#8243; bottom_divider_color=&#8220;rgba(5,41,66,0.3)&#8220; bottom_divider_height=&#8220;20vw&#8220; animation_style=&#8220;slide&#8220; animation_direction=&#8220;top&#8220; animation_intensity_slide=&#8220;3%&#8220; animation_starting_opacity=&#8220;100%&#8220; global_colors_info=&#8220;{}&#8220;][et_pb_row disabled_on=&#8220;off|off|off&#8220; module_class=&#8220; et_pb_row_fullwidth&#8220; _builder_version=&#8220;4.16&#8243; width=&#8220;89%&#8220; width_tablet=&#8220;80%&#8220; width_phone=&#8220;&#8220; width_last_edited=&#8220;on|desktop&#8220; max_width=&#8220;89%&#8220; max_width_tablet=&#8220;80%&#8220; max_width_phone=&#8220;&#8220; max_width_last_edited=&#8220;on|desktop&#8220; custom_padding=&#8220;|||&#8220; global_colors_info=&#8220;{}&#8220;][et_pb_column type=&#8220;4_4&#8243; _builder_version=&#8220;4.16&#8243; custom_padding=&#8220;|4%|80px|&#8220; custom_padding_tablet=&#8220;||40px|&#8220; custom_padding_phone=&#8220;&#8220; custom_padding_last_edited=&#8220;on|tablet&#8220; global_colors_info=&#8220;{}&#8220; padding_tablet=&#8220;||40px|&#8220; padding_last_edited=&#8220;on|tablet&#8220; custom_padding__hover=&#8220;|||&#8220; padding_phone=&#8220;||40px|&#8220;][et_pb_text _builder_version=&#8220;4.16&#8243; text_font=&#8220;Open Sans||||||||&#8220; text_font_size=&#8220;20px&#8220; text_line_height=&#8220;2em&#8220; header_font=&#8220;|800||on|||||&#8220; header_text_align=&#8220;center&#8220; header_font_size=&#8220;5vw&#8220; background_layout=&#8220;dark&#8220; max_width=&#8220;700px&#8220; text_font_size_tablet=&#8220;&#8220; text_font_size_phone=&#8220;16px&#8220; text_font_size_last_edited=&#8220;on|phone&#8220; header_text_align_tablet=&#8220;center&#8220; header_text_align_phone=&#8220;center&#8220; header_text_align_last_edited=&#8220;on|phone&#8220; header_font_size_tablet=&#8220;9vw&#8220; header_font_size_phone=&#8220;9vw&#8220; header_font_size_last_edited=&#8220;on|desktop&#8220; header_line_height_tablet=&#8220;1.4em&#8220; header_line_height_phone=&#8220;1.4em&#8220; header_line_height_last_edited=&#8220;on|desktop&#8220; global_colors_info=&#8220;{}&#8220;]<\/p>\n<h1>\u00dcber uns<\/h1>\n<p>&nbsp;<\/p>\n<p>[\/et_pb_text][\/et_pb_column][\/et_pb_row][\/et_pb_section][et_pb_section fb_built=&#8220;1&#8243; _builder_version=&#8220;4.16&#8243; _module_preset=&#8220;default&#8220; custom_padding=&#8220;19px||2px|||&#8220; global_colors_info=&#8220;{}&#8220;][et_pb_row _builder_version=&#8220;4.16&#8243; _module_preset=&#8220;default&#8220; global_colors_info=&#8220;{}&#8220;][et_pb_column type=&#8220;4_4&#8243; _builder_version=&#8220;4.16&#8243; _module_preset=&#8220;default&#8220; global_colors_info=&#8220;{}&#8220;][et_pb_text _builder_version=&#8220;4.16&#8243; text_font=&#8220;Montserrat||||||||&#8220; text_letter_spacing=&#8220;3px&#8220; header_font=&#8220;||||||||&#8220; header_2_font=&#8220;|700||on|||||&#8220; header_2_text_color=&#8220;#691b65&#8243; header_2_font_size=&#8220;46px&#8220; header_3_font=&#8220;Montserrat|||on|||||&#8220; header_3_text_color=&#8220;rgba(0,0,0,0.4)&#8220; header_3_font_size=&#8220;12px&#8220; header_3_letter_spacing=&#8220;1px&#8220; header_3_line_height=&#8220;1.8em&#8220; text_orientation=&#8220;right&#8220; custom_margin=&#8220;0px||0px|||&#8220; header_2_font_size_tablet=&#8220;&#8220; header_2_font_size_phone=&#8220;30px&#8220; header_2_font_size_last_edited=&#8220;on|phone&#8220; locked=&#8220;off&#8220; global_colors_info=&#8220;{}&#8220;]<\/p>\n<h3>Das Team<\/h3>\n<h2>Unser Team<\/h2>\n<p>[\/et_pb_text][\/et_pb_column][\/et_pb_row][\/et_pb_section][et_pb_section fb_built=&#8220;1&#8243; _builder_version=&#8220;4.16&#8243; _module_preset=&#8220;default&#8220; global_colors_info=&#8220;{}&#8220;][et_pb_row column_structure=&#8220;1_4,1_4,1_4,1_4&#8243; _builder_version=&#8220;4.16&#8243; _module_preset=&#8220;default&#8220; global_colors_info=&#8220;{}&#8220;][et_pb_column type=&#8220;1_4&#8243; _builder_version=&#8220;4.16&#8243; _module_preset=&#8220;default&#8220; global_colors_info=&#8220;{}&#8220;][et_pb_image src=&#8220;https:\/\/futurebus.tours\/wp-content\/uploads\/2021\/08\/pic5.jpg&#8220; title_text=&#8220;pic5&#8243; _builder_version=&#8220;4.16&#8243; _module_preset=&#8220;default&#8220; border_radii=&#8220;on|200px|200px|200px|200px&#8220; global_colors_info=&#8220;{}&#8220;][\/et_pb_image][\/et_pb_column][et_pb_column type=&#8220;1_4&#8243; _builder_version=&#8220;4.16&#8243; _module_preset=&#8220;default&#8220; global_colors_info=&#8220;{}&#8220;][et_pb_image src=&#8220;https:\/\/futurebus.tours\/wp-content\/uploads\/2021\/08\/pic3.jpg&#8220; title_text=&#8220;pic3&#8243; _builder_version=&#8220;4.16&#8243; _module_preset=&#8220;default&#8220; border_radii=&#8220;on|200px|200px|200px|200px&#8220; global_colors_info=&#8220;{}&#8220;][\/et_pb_image][\/et_pb_column][et_pb_column type=&#8220;1_4&#8243; _builder_version=&#8220;4.16&#8243; _module_preset=&#8220;default&#8220; global_colors_info=&#8220;{}&#8220;][et_pb_image src=&#8220;https:\/\/futurebus.tours\/wp-content\/uploads\/2021\/08\/pic2.jpg&#8220; title_text=&#8220;pic2&#8243; _builder_version=&#8220;4.16&#8243; _module_preset=&#8220;default&#8220; border_radii=&#8220;on|200px|200px|200px|200px&#8220; global_colors_info=&#8220;{}&#8220;][\/et_pb_image][\/et_pb_column][et_pb_column type=&#8220;1_4&#8243; _builder_version=&#8220;4.16&#8243; _module_preset=&#8220;default&#8220; global_colors_info=&#8220;{}&#8220;][et_pb_image src=&#8220;https:\/\/futurebus.tours\/wp-content\/uploads\/2021\/08\/pic4.jpg&#8220; title_text=&#8220;pic4&#8243; _builder_version=&#8220;4.16&#8243; _module_preset=&#8220;default&#8220; border_radii=&#8220;on|200px|200px|200px|200px&#8220; global_colors_info=&#8220;{}&#8220;][\/et_pb_image][\/et_pb_column][\/et_pb_row][et_pb_row column_structure=&#8220;1_2,1_2&#8243; _builder_version=&#8220;4.16&#8243; _module_preset=&#8220;default&#8220; global_colors_info=&#8220;{}&#8220;][et_pb_column type=&#8220;1_2&#8243; _builder_version=&#8220;4.16&#8243; _module_preset=&#8220;default&#8220; global_colors_info=&#8220;{}&#8220;][et_pb_text _builder_version=&#8220;4.16&#8243; _module_preset=&#8220;default&#8220; text_font_size=&#8220;16px&#8220; global_colors_info=&#8220;{}&#8220;]<\/p>\n<p style=\"text-align: justify;\">FutureBus GmbH ist ein junges Wiener StartUp, das 2019 gegr\u00fcndet wurde. Unser Ziel ist es, Touristen und Einwohnern der \u00f6sterreichischen Hauptstadt eine einzigartige Gelegenheit zu bieten, die wundersch\u00f6ne Vergangenheit der Stadt zu erleben, ohne dabei die bezaubernde Gegenwart zu vergessen. Um den vollen Immersionseffekt zu erreichen, haben wir uns moderner Technologien bedient, n\u00e4mlich der virtuellen Realit\u00e4t. Die Technologie der virtuellen Realit\u00e4t erm\u00f6glicht es uns, einzigartige Welten zu schaffen, und wird in verschiedenen Lebensbereichen, von der Bildung bis zur Unterhaltung, aktiv genutzt. Wir haben uns entschlossen, die glorreiche Vergangenheit \u00d6sterreichs mit Hilfe der VR-Technologie wieder aufleben zu lassen und sie f\u00fcr alle zug\u00e4nglich zu machen. Wir haben fast drei Jahre gebraucht, um alles zu entwickeln und umzusetzen, was wir f\u00fcr eine solche Zeitreise brauchen. Wir wollten nicht nur Computergrafiken verwenden, denn trotz aller Fortschritte in der Technologie vermitteln sie immer noch nicht das Gef\u00fchl, v\u00f6llig pr\u00e4sent zu sein. Stattdessen haben wir ein Team von Fachleuten aus vier L\u00e4ndern zusammengestellt. Darunter befinden sich Drehbuchautoren, Schauspieler, Animatoren, Kost\u00fcmbildner, Sounddesigner und nat\u00fcrlich Historiker. Dank dieses internationalen Teams von Experten aus verschiedenen Bereichen konnten wir die Schauspielerei mit ein wenig Computergrafik kombinieren. Es gibt keine andere historische Tour wie diese.\n<\/p>\n<p>[\/et_pb_text][\/et_pb_column][et_pb_column type=&#8220;1_2&#8243; _builder_version=&#8220;4.16&#8243; _module_preset=&#8220;default&#8220; global_colors_info=&#8220;{}&#8220;][et_pb_text _builder_version=&#8220;4.16&#8243; _module_preset=&#8220;default&#8220; text_font_size=&#8220;16px&#8220; global_colors_info=&#8220;{}&#8220;]<\/p>\n<p>Wir haben gr\u00fcndlich recherchiert und uns von f\u00fchrenden Historikern in \u00d6sterreich beraten lassen und die interessantesten und wichtigsten Momente aus Wiens Vergangenheit ausgew\u00e4hlt. Es ist uns gelungen, diese Momente in einer einzigen, umfassenden Tour zusammenzufassen.  Danach folgte eine lange, aber faszinierende Zeit der Dreharbeiten. Wir wurden von einer Reihe professioneller Schauspieler begleitet, die alle in historische Kost\u00fcme gekleidet waren.<\/p>\n<p style=\"text-align: justify;\">Das Endergebnis hat alle unsere Erwartungen \u00fcbertroffen. Durch das Aufsetzen der Virtual-Reality-Brille konnten wir die N\u00e4he zu wichtigen Pers\u00f6nlichkeiten der Wiener Geschichte wie Kaiser Franz Joseph I., seiner charmanten Frau Sisi und Generalissimus Eugen von Savoyen hautnah erleben. Jetzt wollen wir diese Erfahrungen an jeden einzelnen von Ihnen weitergeben. Deshalb laden wir Sie ein, unsere historische Tour zu besuchen und Wien zu genie\u00dfen, wie Sie es noch nie zuvor konnten.\n<\/p>\n<p>[\/et_pb_text][\/et_pb_column][\/et_pb_row][et_pb_row _builder_version=&#8220;4.16&#8243; _module_preset=&#8220;default&#8220; global_colors_info=&#8220;{}&#8220;][et_pb_column type=&#8220;4_4&#8243; _builder_version=&#8220;4.16&#8243; _module_preset=&#8220;default&#8220; global_colors_info=&#8220;{}&#8220;][et_pb_text _builder_version=&#8220;4.16&#8243; _module_preset=&#8220;default&#8220; global_colors_info=&#8220;{}&#8220;][\/et_pb_text][\/et_pb_column][\/et_pb_row][\/et_pb_section]<\/p>\n","protected":false},"excerpt":{"rendered":"<p>\u00dcber uns &nbsp;Das Team Unser TeamFutureBus GmbH ist ein junges Wiener StartUp, das 2019 gegr\u00fcndet wurde. Unser Ziel ist es, Touristen und Einwohnern der \u00f6sterreichischen Hauptstadt eine einzigartige Gelegenheit zu bieten, die wundersch\u00f6ne Vergangenheit der Stadt zu erleben, ohne dabei die bezaubernde Gegenwart zu vergessen. Um den vollen Immersionseffekt zu erreichen, haben wir uns moderner [&hellip;]<\/p>\n","protected":false},"author":1,"featured_media":234236,"parent":0,"menu_order":0,"comment_status":"closed","ping_status":"closed","template":"","meta":{"_et_pb_use_builder":"on","_et_pb_old_content":"","_et_gb_content_width":"","footnotes":"","_links_to":"","_links_to_target":""},"class_list":["post-231411","page","type-page","status-publish","has-post-thumbnail","hentry"],"yoast_head":"<!-- This site is optimized with the Yoast SEO plugin v27.4 - https:\/\/yoast.com\/product\/yoast-seo-wordpress\/ -->\n<title>\u00dcber uns - Future Bus Tours<\/title>\n<meta name=\"description\" content=\"Erkunden Sie Wien mit Virtual Reality. Bei Future Bus Tours bieten wir eine historische Tour durch die Highlights Wiens mit Virtual Reality an.\" \/>\n<meta name=\"robots\" content=\"index, follow, max-snippet:-1, max-image-preview:large, max-video-preview:-1\" \/>\n<link rel=\"canonical\" href=\"https:\/\/futurebus.tours\/de\/ueber-uns\/\" \/>\n<meta property=\"og:locale\" content=\"de_DE\" \/>\n<meta property=\"og:type\" content=\"article\" \/>\n<meta property=\"og:title\" content=\"\u00dcber uns - Future Bus Tours\" \/>\n<meta property=\"og:description\" content=\"Erkunden Sie Wien mit Virtual Reality. Bei Future Bus Tours bieten wir eine historische Tour durch die Highlights Wiens mit Virtual Reality an.\" \/>\n<meta property=\"og:url\" content=\"https:\/\/futurebus.tours\/de\/ueber-uns\/\" \/>\n<meta property=\"og:site_name\" content=\"Future Bus Tours\" \/>\n<meta property=\"article:modified_time\" content=\"2022-06-09T17:42:43+00:00\" \/>\n<meta property=\"og:image\" content=\"https:\/\/futurebus.tours\/wp-content\/uploads\/2021\/12\/Histrorical-tour.webp\" \/>\n\t<meta property=\"og:image:width\" content=\"526\" \/>\n\t<meta property=\"og:image:height\" content=\"526\" \/>\n\t<meta property=\"og:image:type\" content=\"image\/webp\" \/>\n<meta name=\"twitter:card\" content=\"summary_large_image\" \/>\n<meta name=\"twitter:label1\" content=\"Gesch\u00e4tzte Lesezeit\" \/>\n\t<meta name=\"twitter:data1\" content=\"3\u00a0Minuten\" \/>\n<script type=\"application\/ld+json\" class=\"yoast-schema-graph\">{\"@context\":\"https:\\\/\\\/schema.org\",\"@graph\":[{\"@type\":\"WebPage\",\"@id\":\"https:\\\/\\\/futurebus.tours\\\/de\\\/ueber-uns\\\/\",\"url\":\"https:\\\/\\\/futurebus.tours\\\/de\\\/ueber-uns\\\/\",\"name\":\"\u00dcber uns - Future Bus Tours\",\"isPartOf\":{\"@id\":\"https:\\\/\\\/futurebus.tours\\\/de\\\/#website\"},\"primaryImageOfPage\":{\"@id\":\"https:\\\/\\\/futurebus.tours\\\/de\\\/ueber-uns\\\/#primaryimage\"},\"image\":{\"@id\":\"https:\\\/\\\/futurebus.tours\\\/de\\\/ueber-uns\\\/#primaryimage\"},\"thumbnailUrl\":\"https:\\\/\\\/futurebus.tours\\\/wp-content\\\/uploads\\\/2021\\\/12\\\/Histrorical-tour.webp\",\"datePublished\":\"2021-09-06T08:38:00+00:00\",\"dateModified\":\"2022-06-09T17:42:43+00:00\",\"description\":\"Erkunden Sie Wien mit Virtual Reality. Bei Future Bus Tours bieten wir eine historische Tour durch die Highlights Wiens mit Virtual Reality an.\",\"breadcrumb\":{\"@id\":\"https:\\\/\\\/futurebus.tours\\\/de\\\/ueber-uns\\\/#breadcrumb\"},\"inLanguage\":\"de\",\"potentialAction\":[{\"@type\":\"ReadAction\",\"target\":[\"https:\\\/\\\/futurebus.tours\\\/de\\\/ueber-uns\\\/\"]}]},{\"@type\":\"ImageObject\",\"inLanguage\":\"de\",\"@id\":\"https:\\\/\\\/futurebus.tours\\\/de\\\/ueber-uns\\\/#primaryimage\",\"url\":\"https:\\\/\\\/futurebus.tours\\\/wp-content\\\/uploads\\\/2021\\\/12\\\/Histrorical-tour.webp\",\"contentUrl\":\"https:\\\/\\\/futurebus.tours\\\/wp-content\\\/uploads\\\/2021\\\/12\\\/Histrorical-tour.webp\",\"width\":526,\"height\":526,\"caption\":\"historische tour in Wien\"},{\"@type\":\"BreadcrumbList\",\"@id\":\"https:\\\/\\\/futurebus.tours\\\/de\\\/ueber-uns\\\/#breadcrumb\",\"itemListElement\":[{\"@type\":\"ListItem\",\"position\":1,\"name\":\"Home\",\"item\":\"https:\\\/\\\/futurebus.tours\\\/de\\\/\"},{\"@type\":\"ListItem\",\"position\":2,\"name\":\"\u00dcber uns\"}]},{\"@type\":\"WebSite\",\"@id\":\"https:\\\/\\\/futurebus.tours\\\/de\\\/#website\",\"url\":\"https:\\\/\\\/futurebus.tours\\\/de\\\/\",\"name\":\"FutureBus\",\"description\":\"Unique VR Bus Tour in Vienna\",\"publisher\":{\"@id\":\"https:\\\/\\\/futurebus.tours\\\/de\\\/#organization\"},\"potentialAction\":[{\"@type\":\"SearchAction\",\"target\":{\"@type\":\"EntryPoint\",\"urlTemplate\":\"https:\\\/\\\/futurebus.tours\\\/de\\\/?s={search_term_string}\"},\"query-input\":{\"@type\":\"PropertyValueSpecification\",\"valueRequired\":true,\"valueName\":\"search_term_string\"}}],\"inLanguage\":\"de\"},{\"@type\":\"Organization\",\"@id\":\"https:\\\/\\\/futurebus.tours\\\/de\\\/#organization\",\"name\":\"FutureBus\",\"url\":\"https:\\\/\\\/futurebus.tours\\\/de\\\/\",\"logo\":{\"@type\":\"ImageObject\",\"inLanguage\":\"de\",\"@id\":\"https:\\\/\\\/futurebus.tours\\\/de\\\/#\\\/schema\\\/logo\\\/image\\\/\",\"url\":\"https:\\\/\\\/futurebus.tours\\\/wp-content\\\/uploads\\\/2021\\\/10\\\/FutureBusLogo.webp\",\"contentUrl\":\"https:\\\/\\\/futurebus.tours\\\/wp-content\\\/uploads\\\/2021\\\/10\\\/FutureBusLogo.webp\",\"width\":457,\"height\":181,\"caption\":\"FutureBus\"},\"image\":{\"@id\":\"https:\\\/\\\/futurebus.tours\\\/de\\\/#\\\/schema\\\/logo\\\/image\\\/\"}}]}<\/script>\n<!-- \/ Yoast SEO plugin. -->","yoast_head_json":{"title":"\u00dcber uns - Future Bus Tours","description":"Erkunden Sie Wien mit Virtual Reality. Bei Future Bus Tours bieten wir eine historische Tour durch die Highlights Wiens mit Virtual Reality an.","robots":{"index":"index","follow":"follow","max-snippet":"max-snippet:-1","max-image-preview":"max-image-preview:large","max-video-preview":"max-video-preview:-1"},"canonical":"https:\/\/futurebus.tours\/de\/ueber-uns\/","og_locale":"de_DE","og_type":"article","og_title":"\u00dcber uns - Future Bus Tours","og_description":"Erkunden Sie Wien mit Virtual Reality. Bei Future Bus Tours bieten wir eine historische Tour durch die Highlights Wiens mit Virtual Reality an.","og_url":"https:\/\/futurebus.tours\/de\/ueber-uns\/","og_site_name":"Future Bus Tours","article_modified_time":"2022-06-09T17:42:43+00:00","og_image":[{"width":526,"height":526,"url":"https:\/\/futurebus.tours\/wp-content\/uploads\/2021\/12\/Histrorical-tour.webp","type":"image\/webp"}],"twitter_card":"summary_large_image","twitter_misc":{"Gesch\u00e4tzte Lesezeit":"3\u00a0Minuten"},"schema":{"@context":"https:\/\/schema.org","@graph":[{"@type":"WebPage","@id":"https:\/\/futurebus.tours\/de\/ueber-uns\/","url":"https:\/\/futurebus.tours\/de\/ueber-uns\/","name":"\u00dcber uns - Future Bus Tours","isPartOf":{"@id":"https:\/\/futurebus.tours\/de\/#website"},"primaryImageOfPage":{"@id":"https:\/\/futurebus.tours\/de\/ueber-uns\/#primaryimage"},"image":{"@id":"https:\/\/futurebus.tours\/de\/ueber-uns\/#primaryimage"},"thumbnailUrl":"https:\/\/futurebus.tours\/wp-content\/uploads\/2021\/12\/Histrorical-tour.webp","datePublished":"2021-09-06T08:38:00+00:00","dateModified":"2022-06-09T17:42:43+00:00","description":"Erkunden Sie Wien mit Virtual Reality. Bei Future Bus Tours bieten wir eine historische Tour durch die Highlights Wiens mit Virtual Reality an.","breadcrumb":{"@id":"https:\/\/futurebus.tours\/de\/ueber-uns\/#breadcrumb"},"inLanguage":"de","potentialAction":[{"@type":"ReadAction","target":["https:\/\/futurebus.tours\/de\/ueber-uns\/"]}]},{"@type":"ImageObject","inLanguage":"de","@id":"https:\/\/futurebus.tours\/de\/ueber-uns\/#primaryimage","url":"https:\/\/futurebus.tours\/wp-content\/uploads\/2021\/12\/Histrorical-tour.webp","contentUrl":"https:\/\/futurebus.tours\/wp-content\/uploads\/2021\/12\/Histrorical-tour.webp","width":526,"height":526,"caption":"historische tour in Wien"},{"@type":"BreadcrumbList","@id":"https:\/\/futurebus.tours\/de\/ueber-uns\/#breadcrumb","itemListElement":[{"@type":"ListItem","position":1,"name":"Home","item":"https:\/\/futurebus.tours\/de\/"},{"@type":"ListItem","position":2,"name":"\u00dcber uns"}]},{"@type":"WebSite","@id":"https:\/\/futurebus.tours\/de\/#website","url":"https:\/\/futurebus.tours\/de\/","name":"FutureBus","description":"Unique VR Bus Tour in Vienna","publisher":{"@id":"https:\/\/futurebus.tours\/de\/#organization"},"potentialAction":[{"@type":"SearchAction","target":{"@type":"EntryPoint","urlTemplate":"https:\/\/futurebus.tours\/de\/?s={search_term_string}"},"query-input":{"@type":"PropertyValueSpecification","valueRequired":true,"valueName":"search_term_string"}}],"inLanguage":"de"},{"@type":"Organization","@id":"https:\/\/futurebus.tours\/de\/#organization","name":"FutureBus","url":"https:\/\/futurebus.tours\/de\/","logo":{"@type":"ImageObject","inLanguage":"de","@id":"https:\/\/futurebus.tours\/de\/#\/schema\/logo\/image\/","url":"https:\/\/futurebus.tours\/wp-content\/uploads\/2021\/10\/FutureBusLogo.webp","contentUrl":"https:\/\/futurebus.tours\/wp-content\/uploads\/2021\/10\/FutureBusLogo.webp","width":457,"height":181,"caption":"FutureBus"},"image":{"@id":"https:\/\/futurebus.tours\/de\/#\/schema\/logo\/image\/"}}]}},"jetpack_sharing_enabled":true,"_links":{"self":[{"href":"https:\/\/futurebus.tours\/de\/wp-json\/wp\/v2\/pages\/231411","targetHints":{"allow":["GET"]}}],"collection":[{"href":"https:\/\/futurebus.tours\/de\/wp-json\/wp\/v2\/pages"}],"about":[{"href":"https:\/\/futurebus.tours\/de\/wp-json\/wp\/v2\/types\/page"}],"author":[{"embeddable":true,"href":"https:\/\/futurebus.tours\/de\/wp-json\/wp\/v2\/users\/1"}],"replies":[{"embeddable":true,"href":"https:\/\/futurebus.tours\/de\/wp-json\/wp\/v2\/comments?post=231411"}],"version-history":[{"count":0,"href":"https:\/\/futurebus.tours\/de\/wp-json\/wp\/v2\/pages\/231411\/revisions"}],"wp:featuredmedia":[{"embeddable":true,"href":"https:\/\/futurebus.tours\/de\/wp-json\/wp\/v2\/media\/234236"}],"wp:attachment":[{"href":"https:\/\/futurebus.tours\/de\/wp-json\/wp\/v2\/media?parent=231411"}],"curies":[{"name":"wp","href":"https:\/\/api.w.org\/{rel}","templated":true}]}}